{"id":30,"date":"2022-04-18T15:30:14","date_gmt":"2022-04-18T15:30:14","guid":{"rendered":"https:\/\/atelierjeandardenne.com\/?page_id=30"},"modified":"2025-04-27T08:55:48","modified_gmt":"2025-04-27T08:55:48","slug":"a-propos","status":"publish","type":"page","link":"https:\/\/atelierjeandardenne.com\/?page_id=30","title":{"rendered":"\u00c0 propos"},"content":{"rendered":"\n<p>Menuisier d\u2019agencement depuis plus de 15 ans nous r\u00e9alisons tous vos projets d\u2019am\u00e9nagement d\u2019int\u00e9rieur.<\/p>\n\n\n\n<p>Gr\u00e2ce \u00e0 notre exp\u00e9rience dans l\u2019usinage num\u00e9rique (D\u00e9coupe laser, impression 3D et fraisage num\u00e9rique) nous pouvons \u00e9galement prototyper toutes vos bonnes id\u00e9es&nbsp;\ud83d\ude0a.<\/p>\n\n\n\n<p>Derni\u00e8re corde \u00e0 l\u2019arc de notre l\u2019atelier, l\u2019\u00e9conomie circulaire avec notamment ce beau projet de cuisine recycl\u00e9e en cover du site (!).<\/p>\n\n\n\n<p>Donc, si vous avez un projet, n\u2019h\u00e9sitez pas \u00e0 venir nous en parl\u00e9&nbsp;!<\/p>\n","protected":false},"excerpt":{"rendered":"<p>Menuisier d\u2019agencement depuis plus de 15 ans nous r\u00e9alisons tous vos projets d\u2019am\u00e9nagement d\u2019int\u00e9rieur. Gr\u00e2ce \u00e0 notre exp\u00e9rience dans l\u2019usinage num\u00e9rique (D\u00e9coupe laser, impression 3D et fraisage num\u00e9rique) nous pouvons \u00e9galement prototyper toutes vos bonnes id\u00e9es&nbsp;\ud83d\ude0a. Derni\u00e8re corde \u00e0 l\u2019arc de notre l\u2019atelier, l\u2019\u00e9conomie circulaire avec notamment ce beau projet de cuisine recycl\u00e9e en cover&hellip; <a class=\"more-link\" href=\"https:\/\/atelierjeandardenne.com\/?page_id=30\">Continue reading <span class=\"screen-reader-text\">\u00c0 propos<\/span><\/a><\/p>\n","protected":false},"author":1,"featured_media":79,"parent":0,"menu_order":0,"comment_status":"closed","ping_status":"closed","template":"tw-no-title.php","meta":{"om_disable_all_campaigns":false,"_monsterinsights_skip_tracking":false,"_monsterinsights_sitenote_active":false,"_monsterinsights_sitenote_note":"","_monsterinsights_sitenote_category":0,"footnotes":""},"class_list":["post-30","page","type-page","status-publish","has-post-thumbnail","hentry","entry"],"_links":{"self":[{"href":"https:\/\/atelierjeandardenne.com\/index.php?rest_route=\/wp\/v2\/pages\/30","targetHints":{"allow":["GET"]}}],"collection":[{"href":"https:\/\/atelierjeandardenne.com\/index.php?rest_route=\/wp\/v2\/pages"}],"about":[{"href":"https:\/\/atelierjeandardenne.com\/index.php?rest_route=\/wp\/v2\/types\/page"}],"author":[{"embeddable":true,"href":"https:\/\/atelierjeandardenne.com\/index.php?rest_route=\/wp\/v2\/users\/1"}],"replies":[{"embeddable":true,"href":"https:\/\/atelierjeandardenne.com\/index.php?rest_route=%2Fwp%2Fv2%2Fcomments&post=30"}],"version-history":[{"count":14,"href":"https:\/\/atelierjeandardenne.com\/index.php?rest_route=\/wp\/v2\/pages\/30\/revisions"}],"predecessor-version":[{"id":104,"href":"https:\/\/atelierjeandardenne.com\/index.php?rest_route=\/wp\/v2\/pages\/30\/revisions\/104"}],"wp:featuredmedia":[{"embeddable":true,"href":"https:\/\/atelierjeandardenne.com\/index.php?rest_route=\/wp\/v2\/media\/79"}],"wp:attachment":[{"href":"https:\/\/atelierjeandardenne.com\/index.php?rest_route=%2Fwp%2Fv2%2Fmedia&parent=30"}],"curies":[{"name":"wp","href":"https:\/\/api.w.org\/{rel}","templated":true}]}}